{"id":113676,"date":"2019-11-14T11:51:57","date_gmt":"2019-11-14T10:51:57","guid":{"rendered":"https:\/\/www.smart-travelling.net\/?page_id=113676\/"},"modified":"2019-11-14T11:53:41","modified_gmt":"2019-11-14T10:53:41","slug":"agb","status":"publish","type":"page","link":"https:\/\/www.smart-travelling.net\/en\/agb\/","title":{"rendered":"AGB"},"content":{"rendered":"<ul>\n<li>Die Seite &#8220;smart-travelling.net&#8221; und die App &#8220;Smart Travelling&#8221; im Apple und Google App Store sind redaktionelle Angebote. Sollte es werbliche Inhalte geben, so werden diese als solche gekennzeichnet.<\/li>\n<li>Es liegt im gesch\u00e4ftlichen Interesse der Smart Travelling UG, die Informationen auf der Seite smart-travelling.net und innerhalb der App &#8220;Smart Travelling&#8221; (im Apple und Google App Store zum Download bereit) auf dem aktuellen Stand zu halten. Zus\u00e4tzlich werden st\u00e4ndig neue Locations in die jeweiligen Ver\u00f6ffentlichungen eingepflegt. Sollten Sie kostenpflichtige Angebote der Smart Travelling UG nutzen, wie z.B. die oben beschriebene App, dann laden sich diese Updates automatisch in Ihre vorhandenen Guides und sind nicht weiter kostenpflichtig!<\/li>\n<li>Alle bereitgestellten Adressen und Informationen \u00fcber Hotels, Restaurants, Bars etc., die auf der Webseite und innerhalb der App angeboten werden, werden nach bestem Wissen und Gewissen recherchiert und regelm\u00e4\u00dfig upgedated. Die Smart Travelling UG \u00fcbernimmt trotzdem keine Haftung f\u00fcr die Richtigkeit der Angaben.<\/li>\n<li>Alle Bewertungen der einzelnen Locations werden zu Hundert Prozent subjektiv erstellt. Die Smart Travelling UG erhebt keinen Anspruch auf Richtigkeit des Urteils, sondern erstellt die Bewertungen aus rein subjektiven Einsch\u00e4tzungen.<\/li>\n<li>Es gilt das Recht der Gegendarstellung des jeweils Betroffenen.<\/li>\n<li>Alle Foto Rechte der verwendeten Bilder liegen bei der Smart Travelling UG. Die Bilder werden produziert von Nicola Bramigk, die der Smart Travelling UG ein unbegrenztes Nutzungsrecht gegeben hat. Werden Fotos von den jeweiligen Locations selbst zur Verf\u00fcgung gestellt, gehen die Rechte automatisch zur unbegrenzten Nutzung an die Smart Travelling UG \u00fcber.<\/li>\n<li>Alle gezeigten Fotos werden bei der Produktion sorgf\u00e4ltig recherchiert was die Rechte der evtl. gezeigten Personen angeht. Sollte doch einmal ein Fall auftreten, bei dem die Pers\u00f6nlichkeitsrechte unklar sind, schreiben Sie bitte eine kurze Mail mit Ort des Fotos an <a href=\"mailto:troubleshooting@smart-travelling.net\">troubleshooting@smart-travelling.net<\/a> und wir werden das entsprechende Foto sofort aus unseren Ver\u00f6ffentlichungen entfernen. Evtl. Nutzungsrechte werden von uns nicht akzeptiert!<\/li>\n<li>F\u00fcr die von uns im Apple und Google App Store bereitgestellte App &#8220;Smart Travelling&#8221; garantieren wir ein Nutzungsrecht von einem Jahr. Sollte die Smart Travelling UG die Produktion und die Updates von bereitgestellten Guides aufgeben, garantiert die Smart Travelling UG einen \u00fcber das Schlie\u00dfungsdatum hinausgehenden Zeitraum von 12 Monaten, in denen die jeweiligen ausgelieferten Guides technisch noch zur Verf\u00fcgung gestellt werden. Sollte dieser Umstand eintreten, werden alle App User fristgerecht davon in Kenntnis gesetzt. Zum aktuellen Zeitpunkt gehen wir nicht davon aus, aber &#8230; man wei\u00df ja nie \ud83d\ude42<\/li>\n<li>Im technischen Idealfall garantiert die Smart Tavelling UG die ordnungsgem\u00e4\u00dfe Auslieferung der in den beiden App Stores bereitgestellten Guides f\u00fcr die App &#8220;Smart Travelling&#8221; (In-App K\u00e4ufe). Die Smart Travelling UG kann aber nicht f\u00fcr die technisch vorausgesetzte Empfangssituation garantieren. Wir weisen explizit darauf hin, dass, wenn es zu Unregelm\u00e4\u00dfigkeiten der Netzempfangssituation kommt (die auch durchaus innerhalb von WLan Netzen auftreten), es zu Nichtladen der ausgew\u00e4hlten Guides kommen kann. Dieses Problem kann aber durch das Technikteam der Smart Travelling UG behoben werden. \u00dcblicherweise geschieht dies in einem Zeitraum von 24 &#8211; 48 Stunden. Wir garantieren einen Behebungszeitraum von 72 Stunden. Sollte in dieser Zeitspanne der Fehler nicht behoben sein, erstattet die Smart Travelling UG den Kaufguide aus Kulanzgr\u00fcnden zur\u00fcck. Unter der besonderen Ber\u00fccksichtigung der Kulanzregelung und dem Hinweis, dass die Smart Travelling UG nicht f\u00fcr ung\u00fcnstige Empfangssituationen von mobilen Devices haftbar gemacht werden kann.<\/li>\n<li>Noch einmal explizit sei darauf hingewiesen, dass die Smart Travelling UG weder f\u00fcr die ordnungsgem\u00e4\u00dfe Handhabung der einzelnen pers\u00f6nlichen Devices der Nutzer verantwortlich gemacht werden kann noch f\u00fcr die Bereitstellung einer erforderlichen Netzverbindung. Dieses obliegt beides im Verantwortungsbereichs des Nutzenden.<\/li>\n<\/ul>\n","protected":false},"excerpt":{"rendered":"<p>Die Seite &#8220;smart-travelling.net&#8221; und die App &#8220;Smart Travelling&#8221; im Apple und Google App Store sind redaktionelle Angebote. Sollte es werbliche Inhalte geben, so werden[&#8230;]<\/p>\n","protected":false},"author":16547,"featured_media":0,"parent":0,"menu_order":0,"comment_status":"closed","ping_status":"closed","template":"","meta":{"_acf_changed":false,"_monsterinsights_skip_tracking":false,"_monsterinsights_sitenote_active":false,"_monsterinsights_sitenote_note":"","_monsterinsights_sitenote_category":0,"footnotes":""},"class_list":["post-113676","page","type-page","status-publish","hentry"],"acf":[],"yoast_head":"<!-- This site is optimized with the Yoast SEO plugin v27.5 - https:\/\/yoast.com\/product\/yoast-seo-wordpress\/ -->\n<title>AGB | Smart Travelling<\/title>\n<meta name=\"robots\" content=\"index, follow, max-snippet:-1, max-image-preview:large, max-video-preview:-1\" \/>\n<link rel=\"canonical\" href=\"https:\/\/www.smart-travelling.net\/en\/agb\/\" \/>\n<meta property=\"og:locale\" content=\"en_US\" \/>\n<meta property=\"og:type\" content=\"article\" \/>\n<meta property=\"og:title\" content=\"AGB | Smart Travelling\" \/>\n<meta property=\"og:description\" content=\"Die Seite &#8220;smart-travelling.net&#8221; und die App &#8220;Smart Travelling&#8221; im Apple und Google App Store sind redaktionelle Angebote. Sollte es werbliche Inhalte geben, so werden[...]\" \/>\n<meta property=\"og:url\" content=\"https:\/\/www.smart-travelling.net\/en\/agb\/\" \/>\n<meta property=\"og:site_name\" content=\"Smart Travelling\" \/>\n<meta property=\"article:publisher\" content=\"https:\/\/www.facebook.com\/smarttravelling\/\" \/>\n<meta property=\"article:modified_time\" content=\"2019-11-14T10:53:41+00:00\" \/>\n<meta property=\"og:image\" content=\"https:\/\/www.smart-travelling.net\/wp-content\/uploads\/2025\/12\/socimg.jpg\" \/>\n\t<meta property=\"og:image:width\" content=\"1200\" \/>\n\t<meta property=\"og:image:height\" content=\"675\" \/>\n\t<meta property=\"og:image:type\" content=\"image\/jpeg\" \/>\n<meta name=\"twitter:label1\" content=\"Est. reading time\" \/>\n\t<meta name=\"twitter:data1\" content=\"3 minutes\" \/>\n<script type=\"application\/ld+json\" class=\"yoast-schema-graph\">{\"@context\":\"https:\\\/\\\/schema.org\",\"@graph\":[{\"@type\":\"WebPage\",\"@id\":\"https:\\\/\\\/www.smart-travelling.net\\\/en\\\/agb\\\/\",\"url\":\"https:\\\/\\\/www.smart-travelling.net\\\/en\\\/agb\\\/\",\"name\":\"AGB | Smart Travelling\",\"isPartOf\":{\"@id\":\"https:\\\/\\\/www.smart-travelling.net\\\/#website\"},\"datePublished\":\"2019-11-14T10:51:57+00:00\",\"dateModified\":\"2019-11-14T10:53:41+00:00\",\"breadcrumb\":{\"@id\":\"https:\\\/\\\/www.smart-travelling.net\\\/en\\\/agb\\\/#breadcrumb\"},\"inLanguage\":\"en-US\",\"potentialAction\":[{\"@type\":\"ReadAction\",\"target\":[\"https:\\\/\\\/www.smart-travelling.net\\\/en\\\/agb\\\/\"]}]},{\"@type\":\"BreadcrumbList\",\"@id\":\"https:\\\/\\\/www.smart-travelling.net\\\/en\\\/agb\\\/#breadcrumb\",\"itemListElement\":[{\"@type\":\"ListItem\",\"position\":1,\"name\":\"Home\",\"item\":\"https:\\\/\\\/www.smart-travelling.net\\\/en\\\/\"},{\"@type\":\"ListItem\",\"position\":2,\"name\":\"AGB\"}]},{\"@type\":\"WebSite\",\"@id\":\"https:\\\/\\\/www.smart-travelling.net\\\/#website\",\"url\":\"https:\\\/\\\/www.smart-travelling.net\\\/\",\"name\":\"Smart Travelling\",\"description\":\"Einmal im Leben alles richtig machen!\",\"publisher\":{\"@id\":\"https:\\\/\\\/www.smart-travelling.net\\\/#organization\"},\"potentialAction\":[{\"@type\":\"SearchAction\",\"target\":{\"@type\":\"EntryPoint\",\"urlTemplate\":\"https:\\\/\\\/www.smart-travelling.net\\\/?s={search_term_string}\"},\"query-input\":{\"@type\":\"PropertyValueSpecification\",\"valueRequired\":true,\"valueName\":\"search_term_string\"}}],\"inLanguage\":\"en-US\"},{\"@type\":\"Organization\",\"@id\":\"https:\\\/\\\/www.smart-travelling.net\\\/#organization\",\"name\":\"Smart Travelling\",\"url\":\"https:\\\/\\\/www.smart-travelling.net\\\/\",\"logo\":{\"@type\":\"ImageObject\",\"inLanguage\":\"en-US\",\"@id\":\"https:\\\/\\\/www.smart-travelling.net\\\/#\\\/schema\\\/logo\\\/image\\\/\",\"url\":\"https:\\\/\\\/www.smart-travelling.net\\\/wp-content\\\/uploads\\\/2025\\\/12\\\/SmartTravellingLogo.svg\",\"contentUrl\":\"https:\\\/\\\/www.smart-travelling.net\\\/wp-content\\\/uploads\\\/2025\\\/12\\\/SmartTravellingLogo.svg\",\"width\":1,\"height\":1,\"caption\":\"Smart Travelling\"},\"image\":{\"@id\":\"https:\\\/\\\/www.smart-travelling.net\\\/#\\\/schema\\\/logo\\\/image\\\/\"},\"sameAs\":[\"https:\\\/\\\/www.facebook.com\\\/smarttravelling\\\/\",\"https:\\\/\\\/www.instagram.com\\\/smarttravelling\\\/\"]}]}<\/script>\n<!-- \/ Yoast SEO plugin. -->","yoast_head_json":{"title":"AGB | Smart Travelling","robots":{"index":"index","follow":"follow","max-snippet":"max-snippet:-1","max-image-preview":"max-image-preview:large","max-video-preview":"max-video-preview:-1"},"canonical":"https:\/\/www.smart-travelling.net\/en\/agb\/","og_locale":"en_US","og_type":"article","og_title":"AGB | Smart Travelling","og_description":"Die Seite &#8220;smart-travelling.net&#8221; und die App &#8220;Smart Travelling&#8221; im Apple und Google App Store sind redaktionelle Angebote. Sollte es werbliche Inhalte geben, so werden[...]","og_url":"https:\/\/www.smart-travelling.net\/en\/agb\/","og_site_name":"Smart Travelling","article_publisher":"https:\/\/www.facebook.com\/smarttravelling\/","article_modified_time":"2019-11-14T10:53:41+00:00","og_image":[{"width":1200,"height":675,"url":"https:\/\/www.smart-travelling.net\/wp-content\/uploads\/2025\/12\/socimg.jpg","type":"image\/jpeg"}],"twitter_misc":{"Est. reading time":"3 minutes"},"schema":{"@context":"https:\/\/schema.org","@graph":[{"@type":"WebPage","@id":"https:\/\/www.smart-travelling.net\/en\/agb\/","url":"https:\/\/www.smart-travelling.net\/en\/agb\/","name":"AGB | Smart Travelling","isPartOf":{"@id":"https:\/\/www.smart-travelling.net\/#website"},"datePublished":"2019-11-14T10:51:57+00:00","dateModified":"2019-11-14T10:53:41+00:00","breadcrumb":{"@id":"https:\/\/www.smart-travelling.net\/en\/agb\/#breadcrumb"},"inLanguage":"en-US","potentialAction":[{"@type":"ReadAction","target":["https:\/\/www.smart-travelling.net\/en\/agb\/"]}]},{"@type":"BreadcrumbList","@id":"https:\/\/www.smart-travelling.net\/en\/agb\/#breadcrumb","itemListElement":[{"@type":"ListItem","position":1,"name":"Home","item":"https:\/\/www.smart-travelling.net\/en\/"},{"@type":"ListItem","position":2,"name":"AGB"}]},{"@type":"WebSite","@id":"https:\/\/www.smart-travelling.net\/#website","url":"https:\/\/www.smart-travelling.net\/","name":"Smart Travelling","description":"Einmal im Leben alles richtig machen!","publisher":{"@id":"https:\/\/www.smart-travelling.net\/#organization"},"potentialAction":[{"@type":"SearchAction","target":{"@type":"EntryPoint","urlTemplate":"https:\/\/www.smart-travelling.net\/?s={search_term_string}"},"query-input":{"@type":"PropertyValueSpecification","valueRequired":true,"valueName":"search_term_string"}}],"inLanguage":"en-US"},{"@type":"Organization","@id":"https:\/\/www.smart-travelling.net\/#organization","name":"Smart Travelling","url":"https:\/\/www.smart-travelling.net\/","logo":{"@type":"ImageObject","inLanguage":"en-US","@id":"https:\/\/www.smart-travelling.net\/#\/schema\/logo\/image\/","url":"https:\/\/www.smart-travelling.net\/wp-content\/uploads\/2025\/12\/SmartTravellingLogo.svg","contentUrl":"https:\/\/www.smart-travelling.net\/wp-content\/uploads\/2025\/12\/SmartTravellingLogo.svg","width":1,"height":1,"caption":"Smart Travelling"},"image":{"@id":"https:\/\/www.smart-travelling.net\/#\/schema\/logo\/image\/"},"sameAs":["https:\/\/www.facebook.com\/smarttravelling\/","https:\/\/www.instagram.com\/smarttravelling\/"]}]}},"amp_enabled":true,"_links":{"self":[{"href":"https:\/\/www.smart-travelling.net\/en\/wp-json\/wp\/v2\/pages\/113676","targetHints":{"allow":["GET"]}}],"collection":[{"href":"https:\/\/www.smart-travelling.net\/en\/wp-json\/wp\/v2\/pages"}],"about":[{"href":"https:\/\/www.smart-travelling.net\/en\/wp-json\/wp\/v2\/types\/page"}],"author":[{"embeddable":true,"href":"https:\/\/www.smart-travelling.net\/en\/wp-json\/wp\/v2\/users\/16547"}],"replies":[{"embeddable":true,"href":"https:\/\/www.smart-travelling.net\/en\/wp-json\/wp\/v2\/comments?post=113676"}],"version-history":[{"count":1,"href":"https:\/\/www.smart-travelling.net\/en\/wp-json\/wp\/v2\/pages\/113676\/revisions"}],"predecessor-version":[{"id":113677,"href":"https:\/\/www.smart-travelling.net\/en\/wp-json\/wp\/v2\/pages\/113676\/revisions\/113677"}],"wp:attachment":[{"href":"https:\/\/www.smart-travelling.net\/en\/wp-json\/wp\/v2\/media?parent=113676"}],"curies":[{"name":"wp","href":"https:\/\/api.w.org\/{rel}","templated":true}]}}