{"id":26124,"date":"2015-02-21T11:32:35","date_gmt":"2015-02-21T10:32:35","guid":{"rendered":"http:\/\/www.smart-travelling.net\/en\/?page_id=26124"},"modified":"2025-12-02T15:40:23","modified_gmt":"2025-12-02T14:40:23","slug":"impressum","status":"publish","type":"page","link":"https:\/\/www.smart-travelling.net\/en\/impressum\/","title":{"rendered":"Imprint"},"content":{"rendered":"<h1 class=\"sta_top\">Imprint<\/h1>\n<h2>Information according to \u00a7 5 TMG:<\/h2>\n<p>Studio Berlin<br \/>\nSmart Travelling web UG<br \/>\nL\u00fcckhoffstrasse 24<br \/>\nD &#8211; 14129 Berlin<\/p>\n<p>Studio Roma<br \/>\nVia Oreste Tiburzi, 3<br \/>\nI &#8211; 00153 Roma<\/p>\n<h2>Represented by:<\/h2>\n<p>Nicola Bramigk<\/p>\n<h2>Contact:<\/h2>\n<p>Phone: +49 171 4855138<br \/>\nE-Mail: nico@smart-travelling.net<\/p>\n<h1>Register entry:<\/h1>\n<p>Entry in the commercial register.<br \/>\nRegister court: Berlin<br \/>\nRegistration number: HRB 150391 B<\/p>\n<h2>VAT:<\/h2>\n<p>Sales tax identification number according to \u00a727 a Umsatzsteuergesetz:<br \/>\nDE292188625<\/p>\n<h2>Job title and professional regulations<\/h2>\n<p>Job title: Journalistn<\/p>\n<h2>Responsible for the content according to \u00a7 55 Abs. 2 RStV:<\/h2>\n<p>Nicola Bramigk, L\u00fcckhoffstrasse 24, 14129 Berlin, Germany<\/p>\n<h2>Dispute resolution<\/h2>\n<p>The European Commission provides a<br \/>\nplatform for online dispute resolution (OS): <a href=\"https:\/\/ec.europa.eu\/consumers\/odr\" target=\"_blank\" rel=\"noopener\">https:\/\/ec.europa.eu\/consumers\/odr<\/a>.<br \/>\nYou can find our e-mail address above in the<br \/>\nimprint.<\/p>\n<p>We are not willing or obliged to participate in dispute resolution proceedings before a<br \/>\nconsumer arbitration board.<\/p>\n<h2>Liability for contents<\/h2>\n<p>As a service provider, we are responsible for our own content on these pages according to \u00a7 7 Abs.1 TMG according to the general laws. According to \u00a7\u00a7 8 to 10 TMG, we are as a service<br \/>\nservice provider, we are not obligated to monitor transmitted or stored foreign<br \/>\nor to investigate circumstances that indicate illegal activity.<br \/>\nindicate.<\/p>\n<p>Obligations to remove or block the use of information in accordance with<br \/>\nthe general laws remain unaffected. However, liability in this regard is only possible<br \/>\nonly possible from the time of knowledge of a concrete infringement. If we become aware of<br \/>\nwe will remove these contents immediately.<\/p>\n<h2>Liability for links<\/h2>\n<p>Our offer contains links to external websites of third parties.<br \/>\non the contents of which we have no influence. Therefore we can for these foreign contents also<br \/>\ntake over no guarantee. For the contents of the linked pages is always the respective<br \/>\nprovider or operator of the pages. The linked pages were checked for possible legal<br \/>\nchecked for possible legal violations at the time of linking. Illegal contents<br \/>\nwere not recognizable at the time of linking.<\/p>\n<p>A permanent control of the contents of the<br \/>\nlinked pages is not reasonable without concrete evidence of a violation of the law. In the case of<br \/>\ninfringements become known, we will remove such links immediately.<\/p>\n<h2>Copyright<\/h2>\n<p>The contents and works created by the site operators on these pages<br \/>\nare subject to German copyright law. The duplication, processing, distribution and any kind of<br \/>\nof use outside the limits of copyright law require the written consent of the author or<br \/>\nconsent of the respective author or creator. Downloads and copies of this site are only<br \/>\nprivate, non-commercial use only.<\/p>\n<p>As far as the contents on this page were not<br \/>\ncreated by the operator, the copyrights of third parties are respected. In particular, contents of<br \/>\nthird parties are marked as such. Should you nevertheless become aware of a copyright infringement<br \/>\ncopyright infringement, please inform us accordingly. If we become aware of any infringements of the law<br \/>\nwe will remove such content immediately.<\/p>\n<p>Source: <a href=\"https:\/\/www.erecht24. de\">eRecht24<\/a><\/p>\n<h2>Photos:<\/h2>\n<p>Unless otherwise listed, photos were created by: Nicola Bramigk, Katharina Gossow, Luise M\u00fcller Hofstede, Steffen J\u00e4nicke, Christina K\u00f6rte, Namy Nosratifard, Lenka Pozarova, Tom Solo, Julia B\u00e4hr, Florentin Aisslinger, Nancy Bachmann, Malin Elmlid as well as the authors of the press photos of the hotels, who are each subject to contractual rights with the hotels &#8211; quasi as authors of the hotel press photos, press photos that were provided to us by the hotels, restaurants and stores or that we could download from the website. The names hotels, restaurants and all other places are mentioned under the photos as authors.<\/p>\n","protected":false},"excerpt":{"rendered":"<p>Imprint Information according to \u00a7 5 TMG: Studio Berlin Smart Travelling web UG L\u00fcckhoffstrasse 24 D &#8211; 14129 Berlin Studio Roma Via Oreste Tiburzi,[&#8230;]<\/p>\n","protected":false},"author":4,"featured_media":0,"parent":0,"menu_order":0,"comment_status":"closed","ping_status":"open","template":"","meta":{"_acf_changed":false,"_monsterinsights_skip_tracking":false,"_monsterinsights_sitenote_active":false,"_monsterinsights_sitenote_note":"","_monsterinsights_sitenote_category":0,"footnotes":""},"class_list":["post-26124","page","type-page","status-publish","hentry"],"acf":[],"yoast_head":"<!-- This site is optimized with the Yoast SEO plugin v27.5 - https:\/\/yoast.com\/product\/yoast-seo-wordpress\/ -->\n<title>Imprint | Smart Travelling<\/title>\n<meta name=\"robots\" content=\"index, follow, max-snippet:-1, max-image-preview:large, max-video-preview:-1\" \/>\n<link rel=\"canonical\" href=\"https:\/\/www.smart-travelling.net\/en\/impressum\/\" \/>\n<meta property=\"og:locale\" content=\"en_US\" \/>\n<meta property=\"og:type\" content=\"article\" \/>\n<meta property=\"og:title\" content=\"Imprint | Smart Travelling\" \/>\n<meta property=\"og:description\" content=\"Imprint Information according to \u00a7 5 TMG: Studio Berlin Smart Travelling web UG L\u00fcckhoffstrasse 24 D &#8211; 14129 Berlin Studio Roma Via Oreste Tiburzi,[...]\" \/>\n<meta property=\"og:url\" content=\"https:\/\/www.smart-travelling.net\/en\/impressum\/\" \/>\n<meta property=\"og:site_name\" content=\"Smart Travelling\" \/>\n<meta property=\"article:publisher\" content=\"https:\/\/www.facebook.com\/smarttravelling\/\" \/>\n<meta property=\"article:modified_time\" content=\"2025-12-02T14:40:23+00:00\" \/>\n<meta property=\"og:image\" content=\"https:\/\/www.smart-travelling.net\/wp-content\/uploads\/2025\/12\/socimg.jpg\" \/>\n\t<meta property=\"og:image:width\" content=\"1200\" \/>\n\t<meta property=\"og:image:height\" content=\"675\" \/>\n\t<meta property=\"og:image:type\" content=\"image\/jpeg\" \/>\n<meta name=\"twitter:label1\" content=\"Est. reading time\" \/>\n\t<meta name=\"twitter:data1\" content=\"3 minutes\" \/>\n<script type=\"application\/ld+json\" class=\"yoast-schema-graph\">{\"@context\":\"https:\\\/\\\/schema.org\",\"@graph\":[{\"@type\":\"WebPage\",\"@id\":\"https:\\\/\\\/www.smart-travelling.net\\\/en\\\/impressum\\\/\",\"url\":\"https:\\\/\\\/www.smart-travelling.net\\\/en\\\/impressum\\\/\",\"name\":\"Imprint | Smart Travelling\",\"isPartOf\":{\"@id\":\"https:\\\/\\\/www.smart-travelling.net\\\/#website\"},\"datePublished\":\"2015-02-21T10:32:35+00:00\",\"dateModified\":\"2025-12-02T14:40:23+00:00\",\"breadcrumb\":{\"@id\":\"https:\\\/\\\/www.smart-travelling.net\\\/en\\\/impressum\\\/#breadcrumb\"},\"inLanguage\":\"en-US\",\"potentialAction\":[{\"@type\":\"ReadAction\",\"target\":[\"https:\\\/\\\/www.smart-travelling.net\\\/en\\\/impressum\\\/\"]}]},{\"@type\":\"BreadcrumbList\",\"@id\":\"https:\\\/\\\/www.smart-travelling.net\\\/en\\\/impressum\\\/#breadcrumb\",\"itemListElement\":[{\"@type\":\"ListItem\",\"position\":1,\"name\":\"Home\",\"item\":\"https:\\\/\\\/www.smart-travelling.net\\\/en\\\/\"},{\"@type\":\"ListItem\",\"position\":2,\"name\":\"Imprint\"}]},{\"@type\":\"WebSite\",\"@id\":\"https:\\\/\\\/www.smart-travelling.net\\\/#website\",\"url\":\"https:\\\/\\\/www.smart-travelling.net\\\/\",\"name\":\"Smart Travelling\",\"description\":\"Einmal im Leben alles richtig machen!\",\"publisher\":{\"@id\":\"https:\\\/\\\/www.smart-travelling.net\\\/#organization\"},\"potentialAction\":[{\"@type\":\"SearchAction\",\"target\":{\"@type\":\"EntryPoint\",\"urlTemplate\":\"https:\\\/\\\/www.smart-travelling.net\\\/?s={search_term_string}\"},\"query-input\":{\"@type\":\"PropertyValueSpecification\",\"valueRequired\":true,\"valueName\":\"search_term_string\"}}],\"inLanguage\":\"en-US\"},{\"@type\":\"Organization\",\"@id\":\"https:\\\/\\\/www.smart-travelling.net\\\/#organization\",\"name\":\"Smart Travelling\",\"url\":\"https:\\\/\\\/www.smart-travelling.net\\\/\",\"logo\":{\"@type\":\"ImageObject\",\"inLanguage\":\"en-US\",\"@id\":\"https:\\\/\\\/www.smart-travelling.net\\\/#\\\/schema\\\/logo\\\/image\\\/\",\"url\":\"https:\\\/\\\/www.smart-travelling.net\\\/wp-content\\\/uploads\\\/2025\\\/12\\\/SmartTravellingLogo.svg\",\"contentUrl\":\"https:\\\/\\\/www.smart-travelling.net\\\/wp-content\\\/uploads\\\/2025\\\/12\\\/SmartTravellingLogo.svg\",\"width\":1,\"height\":1,\"caption\":\"Smart Travelling\"},\"image\":{\"@id\":\"https:\\\/\\\/www.smart-travelling.net\\\/#\\\/schema\\\/logo\\\/image\\\/\"},\"sameAs\":[\"https:\\\/\\\/www.facebook.com\\\/smarttravelling\\\/\",\"https:\\\/\\\/www.instagram.com\\\/smarttravelling\\\/\"]}]}<\/script>\n<!-- \/ Yoast SEO plugin. -->","yoast_head_json":{"title":"Imprint | Smart Travelling","robots":{"index":"index","follow":"follow","max-snippet":"max-snippet:-1","max-image-preview":"max-image-preview:large","max-video-preview":"max-video-preview:-1"},"canonical":"https:\/\/www.smart-travelling.net\/en\/impressum\/","og_locale":"en_US","og_type":"article","og_title":"Imprint | Smart Travelling","og_description":"Imprint Information according to \u00a7 5 TMG: Studio Berlin Smart Travelling web UG L\u00fcckhoffstrasse 24 D &#8211; 14129 Berlin Studio Roma Via Oreste Tiburzi,[...]","og_url":"https:\/\/www.smart-travelling.net\/en\/impressum\/","og_site_name":"Smart Travelling","article_publisher":"https:\/\/www.facebook.com\/smarttravelling\/","article_modified_time":"2025-12-02T14:40:23+00:00","og_image":[{"width":1200,"height":675,"url":"https:\/\/www.smart-travelling.net\/wp-content\/uploads\/2025\/12\/socimg.jpg","type":"image\/jpeg"}],"twitter_misc":{"Est. reading time":"3 minutes"},"schema":{"@context":"https:\/\/schema.org","@graph":[{"@type":"WebPage","@id":"https:\/\/www.smart-travelling.net\/en\/impressum\/","url":"https:\/\/www.smart-travelling.net\/en\/impressum\/","name":"Imprint | Smart Travelling","isPartOf":{"@id":"https:\/\/www.smart-travelling.net\/#website"},"datePublished":"2015-02-21T10:32:35+00:00","dateModified":"2025-12-02T14:40:23+00:00","breadcrumb":{"@id":"https:\/\/www.smart-travelling.net\/en\/impressum\/#breadcrumb"},"inLanguage":"en-US","potentialAction":[{"@type":"ReadAction","target":["https:\/\/www.smart-travelling.net\/en\/impressum\/"]}]},{"@type":"BreadcrumbList","@id":"https:\/\/www.smart-travelling.net\/en\/impressum\/#breadcrumb","itemListElement":[{"@type":"ListItem","position":1,"name":"Home","item":"https:\/\/www.smart-travelling.net\/en\/"},{"@type":"ListItem","position":2,"name":"Imprint"}]},{"@type":"WebSite","@id":"https:\/\/www.smart-travelling.net\/#website","url":"https:\/\/www.smart-travelling.net\/","name":"Smart Travelling","description":"Einmal im Leben alles richtig machen!","publisher":{"@id":"https:\/\/www.smart-travelling.net\/#organization"},"potentialAction":[{"@type":"SearchAction","target":{"@type":"EntryPoint","urlTemplate":"https:\/\/www.smart-travelling.net\/?s={search_term_string}"},"query-input":{"@type":"PropertyValueSpecification","valueRequired":true,"valueName":"search_term_string"}}],"inLanguage":"en-US"},{"@type":"Organization","@id":"https:\/\/www.smart-travelling.net\/#organization","name":"Smart Travelling","url":"https:\/\/www.smart-travelling.net\/","logo":{"@type":"ImageObject","inLanguage":"en-US","@id":"https:\/\/www.smart-travelling.net\/#\/schema\/logo\/image\/","url":"https:\/\/www.smart-travelling.net\/wp-content\/uploads\/2025\/12\/SmartTravellingLogo.svg","contentUrl":"https:\/\/www.smart-travelling.net\/wp-content\/uploads\/2025\/12\/SmartTravellingLogo.svg","width":1,"height":1,"caption":"Smart Travelling"},"image":{"@id":"https:\/\/www.smart-travelling.net\/#\/schema\/logo\/image\/"},"sameAs":["https:\/\/www.facebook.com\/smarttravelling\/","https:\/\/www.instagram.com\/smarttravelling\/"]}]}},"amp_enabled":true,"_links":{"self":[{"href":"https:\/\/www.smart-travelling.net\/en\/wp-json\/wp\/v2\/pages\/26124","targetHints":{"allow":["GET"]}}],"collection":[{"href":"https:\/\/www.smart-travelling.net\/en\/wp-json\/wp\/v2\/pages"}],"about":[{"href":"https:\/\/www.smart-travelling.net\/en\/wp-json\/wp\/v2\/types\/page"}],"author":[{"embeddable":true,"href":"https:\/\/www.smart-travelling.net\/en\/wp-json\/wp\/v2\/users\/4"}],"replies":[{"embeddable":true,"href":"https:\/\/www.smart-travelling.net\/en\/wp-json\/wp\/v2\/comments?post=26124"}],"version-history":[{"count":14,"href":"https:\/\/www.smart-travelling.net\/en\/wp-json\/wp\/v2\/pages\/26124\/revisions"}],"predecessor-version":[{"id":153357,"href":"https:\/\/www.smart-travelling.net\/en\/wp-json\/wp\/v2\/pages\/26124\/revisions\/153357"}],"wp:attachment":[{"href":"https:\/\/www.smart-travelling.net\/en\/wp-json\/wp\/v2\/media?parent=26124"}],"curies":[{"name":"wp","href":"https:\/\/api.w.org\/{rel}","templated":true}]}}